{"id":126,"date":"2025-08-05T08:09:57","date_gmt":"2025-08-05T08:09:57","guid":{"rendered":"https:\/\/www.aulangonautokorjaamo.fi\/?page_id=126"},"modified":"2025-09-29T09:29:04","modified_gmt":"2025-09-29T09:29:04","slug":"blogi","status":"publish","type":"page","link":"https:\/\/www.aulangonautokorjaamo.fi\/index.php\/blogi\/","title":{"rendered":"Blogi"},"content":{"rendered":"\t\t<div data-elementor-type=\"wp-page\" data-elementor-id=\"126\" class=\"elementor elementor-126\" data-elementor-post-type=\"page\">\n\t\t\t\t<div class=\"elementor-element elementor-element-65ed20bc e-flex e-con-boxed e-con e-parent\" data-id=\"65ed20bc\" data-element_type=\"container\" data-e-type=\"container\" data-settings=\"{&quot;background_background&quot;:&quot;classic&quot;}\">\n\t\t\t\t\t<div class=\"e-con-inner\">\n\t\t<div class=\"elementor-element elementor-element-1e1578ce e-flex e-con-boxed e-con e-child\" data-id=\"1e1578ce\" data-element_type=\"container\" data-e-type=\"container\">\n\t\t\t\t\t<div class=\"e-con-inner\">\n\t\t<div class=\"elementor-element elementor-element-7ad50111 e-con-full e-flex e-con e-child\" data-id=\"7ad50111\" data-element_type=\"container\" data-e-type=\"container\">\n\t\t\t\t<div class=\"elementor-element elementor-element-127a50d5 animated-slow elementor-invisible elementor-widget elementor-widget-heading\" data-id=\"127a50d5\" data-element_type=\"widget\" data-e-type=\"widget\" data-settings=\"{&quot;_animation&quot;:&quot;slideInUp&quot;}\" data-widget_type=\"heading.default\">\n\t\t\t\t\t<h2 class=\"elementor-heading-title elementor-size-default\">AULANGON AUTOKORJAAMON<\/h2>\t\t\t\t<\/div>\n\t\t\t\t<div class=\"elementor-element elementor-element-b859dfd animated-slow elementor-invisible elementor-widget elementor-widget-heading\" data-id=\"b859dfd\" data-element_type=\"widget\" data-e-type=\"widget\" data-settings=\"{&quot;_animation&quot;:&quot;slideInUp&quot;}\" data-widget_type=\"heading.default\">\n\t\t\t\t\t<h2 class=\"elementor-heading-title elementor-size-default\">BLOGI<\/h2>\t\t\t\t<\/div>\n\t\t\t\t<div class=\"elementor-element elementor-element-7aab8124 elementor-widget elementor-widget-text-editor\" data-id=\"7aab8124\" data-element_type=\"widget\" data-e-type=\"widget\" data-widget_type=\"text-editor.default\">\n\t\t\t\t\t\t\t\t\t<p><strong>Tervetuloa Aulangon autokorjaamon blogiin.<\/strong> T\u00e4\u00e4ll\u00e4 haluamme vastata autoihin ja niiden huoltoihin liittyviin kysymyksiin ja levitt\u00e4\u00e4 tietoisuutta miten toimia, mit\u00e4 ottaa huomioon sek\u00e4 miten ala muuttuu tekniikan kehittyess\u00e4.\u00a0<\/p>\t\t\t\t\t\t\t\t<\/div>\n\t\t\t\t<\/div>\n\t\t\t\t\t<\/div>\n\t\t\t\t<\/div>\n\t\t\t\t\t<\/div>\n\t\t\t\t<\/div>\n\t\t<div class=\"elementor-element elementor-element-639f3a9e e-flex e-con-boxed e-con e-parent\" data-id=\"639f3a9e\" data-element_type=\"container\" data-e-type=\"container\">\n\t\t\t\t\t<div class=\"e-con-inner\">\n\t\t\t\t<div class=\"elementor-element elementor-element-41d59e49 elementor-posts__hover-none elementor-grid-3 elementor-grid-tablet-2 elementor-grid-mobile-1 elementor-posts--thumbnail-top elementor-widget elementor-widget-posts\" data-id=\"41d59e49\" data-element_type=\"widget\" data-e-type=\"widget\" data-settings=\"{&quot;cards_row_gap&quot;:{&quot;unit&quot;:&quot;px&quot;,&quot;size&quot;:100,&quot;sizes&quot;:[]},&quot;cards_row_gap_tablet&quot;:{&quot;unit&quot;:&quot;px&quot;,&quot;size&quot;:71,&quot;sizes&quot;:[]},&quot;cards_row_gap_mobile&quot;:{&quot;unit&quot;:&quot;px&quot;,&quot;size&quot;:30,&quot;sizes&quot;:[]},&quot;pagination_type&quot;:&quot;numbers&quot;,&quot;cards_columns&quot;:&quot;3&quot;,&quot;cards_columns_tablet&quot;:&quot;2&quot;,&quot;cards_columns_mobile&quot;:&quot;1&quot;}\" data-widget_type=\"posts.cards\">\n\t\t\t\t<div class=\"elementor-widget-container\">\n\t\t\t\t\t\t\t<div class=\"elementor-posts-container elementor-posts elementor-posts--skin-cards elementor-grid\" role=\"list\">\n\t\t\t\t<article class=\"elementor-post elementor-grid-item post-154 post type-post status-publish format-standard has-post-thumbnail hentry category-uncategorized\" role=\"listitem\">\n\t\t\t<div class=\"elementor-post__card\">\n\t\t\t\t<a class=\"elementor-post__thumbnail__link\" href=\"https:\/\/www.aulangonautokorjaamo.fi\/index.php\/2025\/08\/05\/testiartikkeli-2\/\" tabindex=\"-1\" ><div class=\"elementor-post__thumbnail\"><img fetchpriority=\"high\" decoding=\"async\" width=\"928\" height=\"466\" src=\"https:\/\/www.aulangonautokorjaamo.fi\/wp-content\/uploads\/2025\/07\/dsc-0514-1-scaled-e1619500760529_Hyq1NB8-0x466-1.jpeg\" class=\"attachment-full size-full wp-image-46\" alt=\"\" srcset=\"https:\/\/www.aulangonautokorjaamo.fi\/wp-content\/uploads\/2025\/07\/dsc-0514-1-scaled-e1619500760529_Hyq1NB8-0x466-1.jpeg 928w, https:\/\/www.aulangonautokorjaamo.fi\/wp-content\/uploads\/2025\/07\/dsc-0514-1-scaled-e1619500760529_Hyq1NB8-0x466-1-300x151.jpeg 300w, https:\/\/www.aulangonautokorjaamo.fi\/wp-content\/uploads\/2025\/07\/dsc-0514-1-scaled-e1619500760529_Hyq1NB8-0x466-1-768x386.jpeg 768w\" sizes=\"(max-width: 928px) 100vw, 928px\" \/><\/div><\/a>\n\t\t\t\t<div class=\"elementor-post__text\">\n\t\t\t\t<h4 class=\"elementor-post__title\">\n\t\t\t<a href=\"https:\/\/www.aulangonautokorjaamo.fi\/index.php\/2025\/08\/05\/testiartikkeli-2\/\" >\n\t\t\t\tJakohihna tai -ketju \u2013 pieni osa, suuri vastuu\t\t\t<\/a>\n\t\t<\/h4>\n\t\t\t\t<div class=\"elementor-post__excerpt\">\n\t\t\t<p>Auton moottori on monimutkainen kokonaisuus, ja yksi sen t\u00e4rkeimmist\u00e4 komponenteista on jakohihna tai -ketju. Vaikka t\u00e4m\u00e4 osa ei n\u00e4y ulosp\u00e4in,<\/p>\n\t\t<\/div>\n\t\t\n\t\t<a class=\"elementor-post__read-more\" href=\"https:\/\/www.aulangonautokorjaamo.fi\/index.php\/2025\/08\/05\/testiartikkeli-2\/\" aria-label=\"Read more about Jakohihna tai -ketju \u2013 pieni osa, suuri vastuu\" tabindex=\"-1\" >\n\t\t\tLue lis\u00e4\u00e4\t\t<\/a>\n\n\t\t\t\t<\/div>\n\t\t\t\t\t<\/div>\n\t\t<\/article>\n\t\t\t\t<article class=\"elementor-post elementor-grid-item post-152 post type-post status-publish format-standard has-post-thumbnail hentry category-uncategorized\" role=\"listitem\">\n\t\t\t<div class=\"elementor-post__card\">\n\t\t\t\t<a class=\"elementor-post__thumbnail__link\" href=\"https:\/\/www.aulangonautokorjaamo.fi\/index.php\/2025\/08\/05\/testiartikkeli-1\/\" tabindex=\"-1\" ><div class=\"elementor-post__thumbnail\"><img decoding=\"async\" width=\"2016\" height=\"1090\" src=\"https:\/\/www.aulangonautokorjaamo.fi\/wp-content\/uploads\/2025\/07\/man-changing-wheel-after-a-car-breakdown-transpor-2025-03-13-00-42-56-utc.png\" class=\"attachment-full size-full wp-image-31\" alt=\"\" srcset=\"https:\/\/www.aulangonautokorjaamo.fi\/wp-content\/uploads\/2025\/07\/man-changing-wheel-after-a-car-breakdown-transpor-2025-03-13-00-42-56-utc.png 2016w, https:\/\/www.aulangonautokorjaamo.fi\/wp-content\/uploads\/2025\/07\/man-changing-wheel-after-a-car-breakdown-transpor-2025-03-13-00-42-56-utc-300x162.png 300w, https:\/\/www.aulangonautokorjaamo.fi\/wp-content\/uploads\/2025\/07\/man-changing-wheel-after-a-car-breakdown-transpor-2025-03-13-00-42-56-utc-1024x554.png 1024w, https:\/\/www.aulangonautokorjaamo.fi\/wp-content\/uploads\/2025\/07\/man-changing-wheel-after-a-car-breakdown-transpor-2025-03-13-00-42-56-utc-768x415.png 768w, https:\/\/www.aulangonautokorjaamo.fi\/wp-content\/uploads\/2025\/07\/man-changing-wheel-after-a-car-breakdown-transpor-2025-03-13-00-42-56-utc-1536x830.png 1536w\" sizes=\"(max-width: 2016px) 100vw, 2016px\" \/><\/div><\/a>\n\t\t\t\t<div class=\"elementor-post__text\">\n\t\t\t\t<h4 class=\"elementor-post__title\">\n\t\t\t<a href=\"https:\/\/www.aulangonautokorjaamo.fi\/index.php\/2025\/08\/05\/testiartikkeli-1\/\" >\n\t\t\t\tMiksi auton ilmastointilaite kannattaa huoltaa s\u00e4\u00e4nn\u00f6llisesti?\t\t\t<\/a>\n\t\t<\/h4>\n\t\t\t\t<div class=\"elementor-post__excerpt\">\n\t\t\t<p>Moni huomaa ilmastointilaitteen merkityksen vasta, kun se lakkaa viilent\u00e4m\u00e4st\u00e4. Todellisuudessa ilmastointihuolto on yksi niist\u00e4 auton huoltotoimista, joka kannattaa tehd\u00e4&nbsp;ennaltaehk\u00e4isev\u00e4sti&nbsp;\u2013 ei<\/p>\n\t\t<\/div>\n\t\t\n\t\t<a class=\"elementor-post__read-more\" href=\"https:\/\/www.aulangonautokorjaamo.fi\/index.php\/2025\/08\/05\/testiartikkeli-1\/\" aria-label=\"Read more about Miksi auton ilmastointilaite kannattaa huoltaa s\u00e4\u00e4nn\u00f6llisesti?\" tabindex=\"-1\" >\n\t\t\tLue lis\u00e4\u00e4\t\t<\/a>\n\n\t\t\t\t<\/div>\n\t\t\t\t\t<\/div>\n\t\t<\/article>\n\t\t\t\t<article class=\"elementor-post elementor-grid-item post-1 post type-post status-publish format-standard has-post-thumbnail hentry category-uncategorized\" role=\"listitem\">\n\t\t\t<div class=\"elementor-post__card\">\n\t\t\t\t<a class=\"elementor-post__thumbnail__link\" href=\"https:\/\/www.aulangonautokorjaamo.fi\/index.php\/2025\/07\/10\/hello-world\/\" tabindex=\"-1\" ><div class=\"elementor-post__thumbnail\"><img decoding=\"async\" width=\"1200\" height=\"630\" src=\"https:\/\/www.aulangonautokorjaamo.fi\/wp-content\/uploads\/2025\/07\/katsastushinnatfi-katsastusaika.jpg\" class=\"attachment-full size-full wp-image-201\" alt=\"\" srcset=\"https:\/\/www.aulangonautokorjaamo.fi\/wp-content\/uploads\/2025\/07\/katsastushinnatfi-katsastusaika.jpg 1200w, https:\/\/www.aulangonautokorjaamo.fi\/wp-content\/uploads\/2025\/07\/katsastushinnatfi-katsastusaika-300x158.jpg 300w, https:\/\/www.aulangonautokorjaamo.fi\/wp-content\/uploads\/2025\/07\/katsastushinnatfi-katsastusaika-1024x538.jpg 1024w, https:\/\/www.aulangonautokorjaamo.fi\/wp-content\/uploads\/2025\/07\/katsastushinnatfi-katsastusaika-768x403.jpg 768w\" sizes=\"(max-width: 1200px) 100vw, 1200px\" \/><\/div><\/a>\n\t\t\t\t<div class=\"elementor-post__text\">\n\t\t\t\t<h4 class=\"elementor-post__title\">\n\t\t\t<a href=\"https:\/\/www.aulangonautokorjaamo.fi\/index.php\/2025\/07\/10\/hello-world\/\" >\n\t\t\t\tMiten valmistautua katsastukseen \u2013 5 vinkki\u00e4\t\t\t<\/a>\n\t\t<\/h4>\n\t\t\t\t<div class=\"elementor-post__excerpt\">\n\t\t\t<p>Katsastus l\u00e4hestyy, mutta et ole varma, onko autosi valmis? Ei h\u00e4t\u00e4\u00e4 \u2013 pienill\u00e4 tarkistuksilla ja oikea-aikaisella huollolla v\u00e4lt\u00e4t turhat hylk\u00e4ykset<\/p>\n\t\t<\/div>\n\t\t\n\t\t<a class=\"elementor-post__read-more\" href=\"https:\/\/www.aulangonautokorjaamo.fi\/index.php\/2025\/07\/10\/hello-world\/\" aria-label=\"Read more about Miten valmistautua katsastukseen \u2013 5 vinkki\u00e4\" tabindex=\"-1\" >\n\t\t\tLue lis\u00e4\u00e4\t\t<\/a>\n\n\t\t\t\t<\/div>\n\t\t\t\t\t<\/div>\n\t\t<\/article>\n\t\t\t\t<\/div>\n\t\t\n\t\t\t\t\t\t<\/div>\n\t\t\t\t<\/div>\n\t\t\t\t\t<\/div>\n\t\t\t\t<\/div>\n\t\t<div class=\"elementor-element elementor-element-c64dded e-flex e-con-boxed e-con e-parent\" data-id=\"c64dded\" data-element_type=\"container\" data-e-type=\"container\">\n\t\t\t\t\t<div class=\"e-con-inner\">\n\t\t\t\t<div class=\"elementor-element elementor-element-dedf04a elementor-widget elementor-widget-spacer\" data-id=\"dedf04a\" data-element_type=\"widget\" data-e-type=\"widget\" data-widget_type=\"spacer.default\">\n\t\t\t\t\t\t\t<div class=\"elementor-spacer\">\n\t\t\t<div class=\"elementor-spacer-inner\"><\/div>\n\t\t<\/div>\n\t\t\t\t\t\t<\/div>\n\t\t\t\t\t<\/div>\n\t\t\t\t<\/div>\n\t\t\t\t<\/div>\n\t\t","protected":false},"excerpt":{"rendered":"<p>AULANGON AUTOKORJAAMON BLOGI Tervetuloa Aulangon autokorjaamon blogiin. T\u00e4\u00e4ll\u00e4 haluamme vastata autoihin ja niiden huoltoihin liittyviin kysymyksiin ja levitt\u00e4\u00e4 tietoisuutta miten toimia, mit\u00e4 ottaa huomioon sek\u00e4 miten ala muuttuu tekniikan kehittyess\u00e4.\u00a0<\/p>\n","protected":false},"author":2,"featured_media":0,"parent":0,"menu_order":0,"comment_status":"closed","ping_status":"closed","template":"","meta":{"footnotes":""},"class_list":["post-126","page","type-page","status-publish","hentry"],"_links":{"self":[{"href":"https:\/\/www.aulangonautokorjaamo.fi\/index.php\/wp-json\/wp\/v2\/pages\/126","targetHints":{"allow":["GET"]}}],"collection":[{"href":"https:\/\/www.aulangonautokorjaamo.fi\/index.php\/wp-json\/wp\/v2\/pages"}],"about":[{"href":"https:\/\/www.aulangonautokorjaamo.fi\/index.php\/wp-json\/wp\/v2\/types\/page"}],"author":[{"embeddable":true,"href":"https:\/\/www.aulangonautokorjaamo.fi\/index.php\/wp-json\/wp\/v2\/users\/2"}],"replies":[{"embeddable":true,"href":"https:\/\/www.aulangonautokorjaamo.fi\/index.php\/wp-json\/wp\/v2\/comments?post=126"}],"version-history":[{"count":35,"href":"https:\/\/www.aulangonautokorjaamo.fi\/index.php\/wp-json\/wp\/v2\/pages\/126\/revisions"}],"predecessor-version":[{"id":268,"href":"https:\/\/www.aulangonautokorjaamo.fi\/index.php\/wp-json\/wp\/v2\/pages\/126\/revisions\/268"}],"wp:attachment":[{"href":"https:\/\/www.aulangonautokorjaamo.fi\/index.php\/wp-json\/wp\/v2\/media?parent=126"}],"curies":[{"name":"wp","href":"https:\/\/api.w.org\/{rel}","templated":true}]}}